{"id":242,"date":"2026-03-05T21:19:55","date_gmt":"2026-03-05T21:19:55","guid":{"rendered":"https:\/\/gctc.fr\/?page_id=242"},"modified":"2026-03-06T08:52:56","modified_gmt":"2026-03-06T08:52:56","slug":"mentions-legales","status":"publish","type":"page","link":"https:\/\/gctc.fr\/index.php\/mentions-legales\/","title":{"rendered":"Mentions l\u00e9gales"},"content":{"rendered":"<h3 class=\"wp-block-heading has-foreground-color has-text-color has-link-color wp-elements-7ab943563634886daa324a13fad25a52\">Identit\u00e9<\/h3><p>Grand-couronne Tennis Club<\/p><p><\/p><h3 class=\"wp-block-heading has-foreground-color has-text-color has-link-color wp-elements-d55bfd42e51e385cb52039fd3cf82f7a\">Coordonn\u00e9es<\/h3><p><a href=\"https:\/\/www.google.com\/maps\/place\/\/data=!4m2!3m1!1s0x47e11f9c603c2079:0x9699df542a1ec234?sa=X&amp;ved=1t:8290&amp;ictx=111\">4 Rue de Seine, 76530 Grand-Couronne<\/a><\/p><p>contact: bureaugctc@gmail.com  <\/p><p><\/p><h3 class=\"wp-block-heading has-foreground-color has-text-color has-link-color wp-elements-03ff325a83cc63a4db8d1a00ee4d9599\">H\u00e9bergeur<\/h3><p>OVH SAS<\/p><p>2, rue Kellermann, 59100 Roubaix.<\/p><p><\/p><h3 class=\"wp-block-heading has-foreground-color has-text-color has-link-color wp-elements-03bc55c3393bbcfa464dca88c9c06cf1\">Collecte de donn\u00e9es personnelles<\/h3><p>Dans le cadre des inscriptions aux activit\u00e9s propos\u00e9es par le Grand-Couronne Tennis Club, nous sommes amen\u00e9s \u00e0 collecter certaines donn\u00e9es personnelles concernant les personnes inscrites.<\/p><p>Ces donn\u00e9es sont n\u00e9cessaires \u00e0 la gestion administrative des inscriptions, \u00e0 l\u2019organisation des activit\u00e9s<\/p><p>Les donn\u00e9es collect\u00e9es sont celles du formulaire situ\u00e9 sur la page \u00ab\u00a0Inscription\u00a0\u00bb<\/p><p>Le formulaire d\u2019inscription comporte une case \u00e0 cocher sp\u00e9cifique permettant \u00e0 la personne concern\u00e9e de donner son consentement explicite au traitement de ses donn\u00e9es personnelles pour les finalit\u00e9s indiqu\u00e9es.<\/p><p>L\u2019inscription ne peut \u00eatre valid\u00e9e qu\u2019apr\u00e8s acceptation de cette mention.<\/p><p><\/p><h4 class=\"wp-block-heading has-foreground-color has-text-color has-link-color wp-elements-8c112be519ba5bfbcd3424992fa2296c\">Dur\u00e9e de conservation<\/h4><p>Les donn\u00e9es personnelles sont conserv\u00e9es pendant toute la dur\u00e9e o\u00f9 l\u2019adh\u00e9rent est licenci\u00e9 au sein de l\u2019association.<br><\/p><h4 class=\"wp-block-heading has-foreground-color has-text-color has-link-color wp-elements-ec44fadaa4d24b6c751d7f4ca8cf2034\">Droits de l\u2019adh\u00e9rent sur ses donn\u00e9es.<\/h4><p>Conform\u00e9ment au R\u00e8glement G\u00e9n\u00e9ral sur la Protection des Donn\u00e9es (RGPD), chaque internaute dispose des droits suivants :<\/p><ul class=\"wp-block-list\"><li><strong>Droit de refuser la collecte de ses donn\u00e9es personnelles<\/strong><\/li>\n\n<li> <strong>Droit d\u2019acc\u00e8s<\/strong> \u00e0 ses donn\u00e9es<\/li>\n\n<li> <strong>Droit de rectification<\/strong> en cas d\u2019erreur ou d\u2019information incompl\u00e8te<\/li>\n\n<li> <strong>Droit \u00e0 l\u2019effacement<\/strong> de ses donn\u00e9es<\/li>\n\n<li> <strong>Droit \u00e0 la limitation ou \u00e0 l\u2019opposition au traitement<\/strong><\/li><\/ul>","protected":false},"excerpt":{"rendered":"<p>Identit\u00e9 Grand-couronne Tennis Club Coordonn\u00e9es 4 Rue de Seine, 76530 Grand-Couronne contact: bureaugctc@gmail.com H\u00e9bergeur OVH SAS 2, rue Kellermann, 59100 Roubaix. Collecte de donn\u00e9es personnelles Dans le cadre des inscriptions aux activit\u00e9s propos\u00e9es par le Grand-Couronne Tennis Club, nous sommes amen\u00e9s \u00e0 collecter certaines donn\u00e9es personnelles concernant les personnes inscrites. Ces donn\u00e9es sont n\u00e9cessaires \u00e0 [&hellip;]<\/p>\n","protected":false},"author":1,"featured_media":0,"parent":0,"menu_order":0,"comment_status":"closed","ping_status":"closed","template":"","meta":{"footnotes":""},"class_list":["post-242","page","type-page","status-publish","hentry"],"_links":{"self":[{"href":"https:\/\/gctc.fr\/index.php\/wp-json\/wp\/v2\/pages\/242","targetHints":{"allow":["GET"]}}],"collection":[{"href":"https:\/\/gctc.fr\/index.php\/wp-json\/wp\/v2\/pages"}],"about":[{"href":"https:\/\/gctc.fr\/index.php\/wp-json\/wp\/v2\/types\/page"}],"author":[{"embeddable":true,"href":"https:\/\/gctc.fr\/index.php\/wp-json\/wp\/v2\/users\/1"}],"replies":[{"embeddable":true,"href":"https:\/\/gctc.fr\/index.php\/wp-json\/wp\/v2\/comments?post=242"}],"version-history":[{"count":8,"href":"https:\/\/gctc.fr\/index.php\/wp-json\/wp\/v2\/pages\/242\/revisions"}],"predecessor-version":[{"id":252,"href":"https:\/\/gctc.fr\/index.php\/wp-json\/wp\/v2\/pages\/242\/revisions\/252"}],"wp:attachment":[{"href":"https:\/\/gctc.fr\/index.php\/wp-json\/wp\/v2\/media?parent=242"}],"curies":[{"name":"wp","href":"https:\/\/api.w.org\/{rel}","templated":true}]}}